{"id":3134,"date":"2022-09-15T13:48:45","date_gmt":"2022-09-15T13:48:45","guid":{"rendered":"https:\/\/anastopoulosestate.com\/product\/huile-dolive-vierge-extra-boite-en-fer-blanc-750ml\/"},"modified":"2022-09-15T13:48:45","modified_gmt":"2022-09-15T13:48:45","slug":"huile-olive-vierge-extra-millstone-tin-750ml","status":"publish","type":"product","link":"https:\/\/www.anastopoulosestate.com\/fr\/produit\/huile-olive-vierge-extra-millstone-tin-750ml\/","title":{"rendered":"Huile d&rsquo;olive vierge extra &#8211; bo\u00eete en fer blanc 750ml"},"content":{"rendered":"<p>S\u00e9lectionn\u00e9e \u00e0 partir de tr\u00e8s petites olives vertes au mois de novembre. Il s&rsquo;agit d&rsquo;une huile d&rsquo;olive extra vierge de premi\u00e8re pression r\u00e9colt\u00e9e t\u00f4t. R\u00e9colt\u00e9es sur des oliviers anciens de 400-800 ans dans nos champs et press\u00e9es par des meules de pierre, c&rsquo;est une m\u00e9thode ancienne et m\u00e9di\u00e9vale pour presser les olives. Le go\u00fbt est amer et piquant, excellent pour les salades et les vinaigrettes. Extraction \u00e0 froid, acidit\u00e9 0,3, sans cholest\u00e9rol.<\/p>\n","protected":false},"excerpt":{"rendered":"<p>S\u00e9lectionn\u00e9e \u00e0 partir de tr\u00e8s petites olives vertes au mois de novembre. Il s&rsquo;agit d&rsquo;une huile d&rsquo;olive extra vierge de premi\u00e8re pression r\u00e9colt\u00e9e t\u00f4t. R\u00e9colt\u00e9es sur des oliviers anciens de 400-800 ans dans nos champs et press\u00e9es par des meules de pierre, c&rsquo;est une m\u00e9thode ancienne et m\u00e9di\u00e9vale pour presser les olives. Le go\u00fbt est [&#8230;]\n","protected":false},"featured_media":1924,"template":"","meta":[],"product_brand":[],"product_cat":[61],"product_tag":[],"class_list":{"0":"post-3134","1":"product","2":"type-product","3":"status-publish","4":"has-post-thumbnail","6":"product_cat-huile-dolive-extra-vierge","8":"first","9":"instock","10":"shipping-taxable","11":"purchasable","12":"product-type-simple"},"_links":{"self":[{"href":"https:\/\/www.anastopoulosestate.com\/fr\/wp-json\/wp\/v2\/product\/3134","targetHints":{"allow":["GET"]}}],"collection":[{"href":"https:\/\/www.anastopoulosestate.com\/fr\/wp-json\/wp\/v2\/product"}],"about":[{"href":"https:\/\/www.anastopoulosestate.com\/fr\/wp-json\/wp\/v2\/types\/product"}],"wp:featuredmedia":[{"embeddable":true,"href":"https:\/\/www.anastopoulosestate.com\/fr\/wp-json\/wp\/v2\/media\/1924"}],"wp:attachment":[{"href":"https:\/\/www.anastopoulosestate.com\/fr\/wp-json\/wp\/v2\/media?parent=3134"}],"wp:term":[{"taxonomy":"product_brand","embeddable":true,"href":"https:\/\/www.anastopoulosestate.com\/fr\/wp-json\/wp\/v2\/product_brand?post=3134"},{"taxonomy":"product_cat","embeddable":true,"href":"https:\/\/www.anastopoulosestate.com\/fr\/wp-json\/wp\/v2\/product_cat?post=3134"},{"taxonomy":"product_tag","embeddable":true,"href":"https:\/\/www.anastopoulosestate.com\/fr\/wp-json\/wp\/v2\/product_tag?post=3134"}],"curies":[{"name":"wp","href":"https:\/\/api.w.org\/{rel}","templated":true}]}}