{"id":3118,"date":"2022-09-15T13:43:55","date_gmt":"2022-09-15T13:43:55","guid":{"rendered":"https:\/\/anastopoulosestate.com\/product\/huile-dolive-extra-vierge-archangelos-tin-750ml\/"},"modified":"2022-09-15T13:43:55","modified_gmt":"2022-09-15T13:43:55","slug":"huile-olive-vierge-extra-archangelos-tin-750ml","status":"publish","type":"product","link":"https:\/\/www.anastopoulosestate.com\/fr\/produit\/huile-olive-vierge-extra-archangelos-tin-750ml\/","title":{"rendered":"Huile d&rsquo;olive extra vierge Archangelos tin 750ml"},"content":{"rendered":"<p>S\u00e9lectionn\u00e9 parmi les olives noires au mois de f\u00e9vrier. R\u00e9colt\u00e9 sur des oliviers anciens de 400-800 ans dans nos champs et press\u00e9 par notre nouvelle usine d&rsquo;olives. La force centrifuge extrait l&rsquo;excellente huile d&rsquo;olive vierge extra jusqu&rsquo;\u00e0 la derni\u00e8re goutte.<\/p>\n<p>Le go\u00fbt est intense, aromatique et fruit\u00e9. Excellent pour la cuisson, la friture et le trempage du pain. C&rsquo;est une s\u00e9lection classique de tous les temps.<\/p>\n<p>Extraction \u00e0 froid, acidit\u00e9 0,3, sans cholest\u00e9rol.<\/p>\n","protected":false},"excerpt":{"rendered":"<p>S\u00e9lectionn\u00e9 parmi les olives noires au mois de f\u00e9vrier. R\u00e9colt\u00e9 sur des oliviers anciens de 400-800 ans dans nos champs et press\u00e9 par notre nouvelle usine d&rsquo;olives. La force centrifuge extrait l&rsquo;excellente huile d&rsquo;olive vierge extra jusqu&rsquo;\u00e0 la derni\u00e8re goutte. Le go\u00fbt est intense, aromatique et fruit\u00e9. Excellent pour la cuisson, la friture et le [&#8230;]\n","protected":false},"featured_media":1491,"template":"","meta":[],"product_brand":[],"product_cat":[61],"product_tag":[],"class_list":{"0":"post-3118","1":"product","2":"type-product","3":"status-publish","4":"has-post-thumbnail","6":"product_cat-huile-dolive-extra-vierge","8":"first","9":"instock","10":"shipping-taxable","11":"purchasable","12":"product-type-simple"},"_links":{"self":[{"href":"https:\/\/www.anastopoulosestate.com\/fr\/wp-json\/wp\/v2\/product\/3118","targetHints":{"allow":["GET"]}}],"collection":[{"href":"https:\/\/www.anastopoulosestate.com\/fr\/wp-json\/wp\/v2\/product"}],"about":[{"href":"https:\/\/www.anastopoulosestate.com\/fr\/wp-json\/wp\/v2\/types\/product"}],"wp:featuredmedia":[{"embeddable":true,"href":"https:\/\/www.anastopoulosestate.com\/fr\/wp-json\/wp\/v2\/media\/1491"}],"wp:attachment":[{"href":"https:\/\/www.anastopoulosestate.com\/fr\/wp-json\/wp\/v2\/media?parent=3118"}],"wp:term":[{"taxonomy":"product_brand","embeddable":true,"href":"https:\/\/www.anastopoulosestate.com\/fr\/wp-json\/wp\/v2\/product_brand?post=3118"},{"taxonomy":"product_cat","embeddable":true,"href":"https:\/\/www.anastopoulosestate.com\/fr\/wp-json\/wp\/v2\/product_cat?post=3118"},{"taxonomy":"product_tag","embeddable":true,"href":"https:\/\/www.anastopoulosestate.com\/fr\/wp-json\/wp\/v2\/product_tag?post=3118"}],"curies":[{"name":"wp","href":"https:\/\/api.w.org\/{rel}","templated":true}]}}