{"id":3092,"date":"2022-09-15T13:08:58","date_gmt":"2022-09-15T13:08:58","guid":{"rendered":"https:\/\/anastopoulosestate.com\/product\/huile-dolive-extra-vierge-ultra-premium-500ml\/"},"modified":"2022-09-15T13:08:58","modified_gmt":"2022-09-15T13:08:58","slug":"huile-olive-vierge-ultra-premium-500ml","status":"publish","type":"product","link":"https:\/\/www.anastopoulosestate.com\/fr\/produit\/huile-olive-vierge-ultra-premium-500ml\/","title":{"rendered":"Huile d&rsquo;olive extra vierge Ultra Premium 500ml"},"content":{"rendered":"<p>Recueillis sur des arbres anciens pr\u00e8s de la mer. La brise de mer permet aux polyphainoles d&rsquo;\u00eatre au plus haut niveau. Sur les 25.000 kilos de notre production totale, cela repr\u00e9sente moins de 300 kilos. L&rsquo;acidit\u00e9 est de 0,17, chiffre tr\u00e8s rare. De cette huile d&rsquo;olive vierge extra de premi\u00e8re qualit\u00e9 sont extraits des ingr\u00e9dients comme l&rsquo;\u00e9l\u00e9ocanthal, l&rsquo;\u00e9l\u00e9asine et l&rsquo;hydrotyrosol, qui sont utilis\u00e9s dans les m\u00e9dicaments. Cette cat\u00e9gorie, est juste \u00e0 boire une cuill\u00e8re chaque matin pour prot\u00e9ger l&rsquo;oxydation du sang.<\/p>\n<p>Biologique, extraction \u00e0 froid, tr\u00e8s faible acidit\u00e9, sans cholest\u00e9rol.<\/p>\n","protected":false},"excerpt":{"rendered":"<p>Recueillis sur des arbres anciens pr\u00e8s de la mer. La brise de mer permet aux polyphainoles d&rsquo;\u00eatre au plus haut niveau. Sur les 25.000 kilos de notre production totale, cela repr\u00e9sente moins de 300 kilos. L&rsquo;acidit\u00e9 est de 0,17, chiffre tr\u00e8s rare. De cette huile d&rsquo;olive vierge extra de premi\u00e8re qualit\u00e9 sont extraits des ingr\u00e9dients [&#8230;]\n","protected":false},"featured_media":1871,"template":"","meta":[],"product_brand":[],"product_cat":[61],"product_tag":[],"class_list":{"0":"post-3092","1":"product","2":"type-product","3":"status-publish","4":"has-post-thumbnail","6":"product_cat-huile-dolive-extra-vierge","8":"first","9":"outofstock","10":"shipping-taxable","11":"purchasable","12":"product-type-simple"},"_links":{"self":[{"href":"https:\/\/www.anastopoulosestate.com\/fr\/wp-json\/wp\/v2\/product\/3092","targetHints":{"allow":["GET"]}}],"collection":[{"href":"https:\/\/www.anastopoulosestate.com\/fr\/wp-json\/wp\/v2\/product"}],"about":[{"href":"https:\/\/www.anastopoulosestate.com\/fr\/wp-json\/wp\/v2\/types\/product"}],"wp:featuredmedia":[{"embeddable":true,"href":"https:\/\/www.anastopoulosestate.com\/fr\/wp-json\/wp\/v2\/media\/1871"}],"wp:attachment":[{"href":"https:\/\/www.anastopoulosestate.com\/fr\/wp-json\/wp\/v2\/media?parent=3092"}],"wp:term":[{"taxonomy":"product_brand","embeddable":true,"href":"https:\/\/www.anastopoulosestate.com\/fr\/wp-json\/wp\/v2\/product_brand?post=3092"},{"taxonomy":"product_cat","embeddable":true,"href":"https:\/\/www.anastopoulosestate.com\/fr\/wp-json\/wp\/v2\/product_cat?post=3092"},{"taxonomy":"product_tag","embeddable":true,"href":"https:\/\/www.anastopoulosestate.com\/fr\/wp-json\/wp\/v2\/product_tag?post=3092"}],"curies":[{"name":"wp","href":"https:\/\/api.w.org\/{rel}","templated":true}]}}