{"id":3039,"date":"2022-09-15T13:47:18","date_gmt":"2022-09-15T13:47:18","guid":{"rendered":"https:\/\/anastopoulosestate.com\/product\/huile-dolive-vierge-extra-boite-en-metal-250ml\/"},"modified":"2023-01-23T09:59:28","modified_gmt":"2023-01-23T09:59:28","slug":"huile-olive-vierge-extra-millstone-tin-250ml","status":"publish","type":"product","link":"https:\/\/www.anastopoulosestate.com\/fr\/produit\/huile-olive-vierge-extra-millstone-tin-250ml\/","title":{"rendered":"Huile d&rsquo;Olive Meule Vierge Extra, \u00e9tain 250ml"},"content":{"rendered":"<p>S\u00e9lectionn\u00e9es parmi les tr\u00e8s petites olives vertes au mois de novembre. Il s&rsquo;agit d&rsquo;une huile d&rsquo;olive extra vierge de premi\u00e8re pression r\u00e9colt\u00e9e t\u00f4t. R\u00e9colt\u00e9es sur des oliviers anciens de 400 \u00e0 800 ans dans nos champs et press\u00e9es par des meules de pierre, c&rsquo;est une m\u00e9thode ancienne et m\u00e9di\u00e9vale pour presser les olives.<\/p>\n<p>Le go\u00fbt est amer et \u00e9pic\u00e9, excellent pour la salade et la vinaigrette.<\/p>\n<p>Extraction \u00e0 froid, acidit\u00e9 0,3, sans cholest\u00e9rol.<\/p>\n","protected":false},"excerpt":{"rendered":"<p>S\u00e9lectionn\u00e9es parmi les tr\u00e8s petites olives vertes au mois de novembre. Il s&rsquo;agit d&rsquo;une huile d&rsquo;olive extra vierge de premi\u00e8re pression r\u00e9colt\u00e9e t\u00f4t. R\u00e9colt\u00e9es sur des oliviers anciens de 400 \u00e0 800 ans dans nos champs et press\u00e9es par des meules de pierre, c&rsquo;est une m\u00e9thode ancienne et m\u00e9di\u00e9vale pour presser les olives. Le go\u00fbt [&#8230;]\n","protected":false},"featured_media":1504,"template":"","meta":[],"product_brand":[],"product_cat":[61],"product_tag":[],"class_list":{"0":"post-3039","1":"product","2":"type-product","3":"status-publish","4":"has-post-thumbnail","6":"product_cat-huile-dolive-extra-vierge","8":"first","9":"instock","10":"shipping-taxable","11":"purchasable","12":"product-type-simple"},"_links":{"self":[{"href":"https:\/\/www.anastopoulosestate.com\/fr\/wp-json\/wp\/v2\/product\/3039","targetHints":{"allow":["GET"]}}],"collection":[{"href":"https:\/\/www.anastopoulosestate.com\/fr\/wp-json\/wp\/v2\/product"}],"about":[{"href":"https:\/\/www.anastopoulosestate.com\/fr\/wp-json\/wp\/v2\/types\/product"}],"wp:featuredmedia":[{"embeddable":true,"href":"https:\/\/www.anastopoulosestate.com\/fr\/wp-json\/wp\/v2\/media\/1504"}],"wp:attachment":[{"href":"https:\/\/www.anastopoulosestate.com\/fr\/wp-json\/wp\/v2\/media?parent=3039"}],"wp:term":[{"taxonomy":"product_brand","embeddable":true,"href":"https:\/\/www.anastopoulosestate.com\/fr\/wp-json\/wp\/v2\/product_brand?post=3039"},{"taxonomy":"product_cat","embeddable":true,"href":"https:\/\/www.anastopoulosestate.com\/fr\/wp-json\/wp\/v2\/product_cat?post=3039"},{"taxonomy":"product_tag","embeddable":true,"href":"https:\/\/www.anastopoulosestate.com\/fr\/wp-json\/wp\/v2\/product_tag?post=3039"}],"curies":[{"name":"wp","href":"https:\/\/api.w.org\/{rel}","templated":true}]}}