{"id":2170,"date":"2022-12-14T11:15:44","date_gmt":"2022-12-14T11:15:44","guid":{"rendered":"https:\/\/anastopoulosestate.com\/shipping-cost\/"},"modified":"2024-05-30T08:34:04","modified_gmt":"2024-05-30T08:34:04","slug":"shipping-cost","status":"publish","type":"page","link":"https:\/\/www.anastopoulosestate.com\/fr\/shipping-cost\/","title":{"rendered":"Paiement"},"content":{"rendered":"<h1 class=\"wp-block-heading\">Paiement<\/h1><p>1. <strong>Transfert par d\u00e9p\u00f4t bancaire<\/strong><br>Pour r\u00e9gler votre commande, vous pouvez effectuer le paiement aupr\u00e8s de votre banque via la banque en ligne, les applications mobiles, ainsi que dans un magasin physique.<br>Pour cela, vous devez indiquer le num\u00e9ro de votre commande que vous recevrez par e-mail et votre nom complet. Une fois le paiement effectu\u00e9, vous joignez le bordereau de d\u00e9p\u00f4t \u00e0 l&rsquo;e-mail de confirmation afin que la commande puisse \u00eatre trait\u00e9e.<br>*Une condition pr\u00e9alable est l&rsquo;ach\u00e8vement de la justification.<br>*Valable dans toutes les banques grecques.<br>Instructions de d\u00e9p\u00f4t bancaire<br><br>Veuillez verser le montant total du paiement sur le compte bancaire suivant.<br><strong>Eurobank<\/strong><br><strong>IBAN <\/strong>: GR0402603570000640201783533<br><strong>Nom du b\u00e9n\u00e9ficiaire<\/strong> : <span style=\"font-family:sans-serif;\">\u0391\u039d\u0391\u03a3\u03a4\u039f\u03a0\u039f\u03a5\u039b\u039f\u03a3 CO L.P.<\/span><\/p><p><\/p><p><strong>2. Carte de cr\u00e9dit<\/strong><br>Pour la s\u00e9curit\u00e9 absolue de vos transactions \u00e9lectroniques, les paiements sont trait\u00e9s par la banque Eurobank et un cryptage TLS 1.1 avec un protocole de cryptage de 128 bits (Secure Sockets Layer &#8211; SSL) est utilis\u00e9. Le cryptage est un moyen de coder des informations jusqu&rsquo;\u00e0 ce qu&rsquo;elles parviennent au destinataire, qui sera en mesure de les d\u00e9coder \u00e0 l&rsquo;aide de la cl\u00e9 appropri\u00e9e.<br>Dans le formulaire s\u00e9curis\u00e9 d&rsquo;Eurobank, vous pouvez remplir tous les champs n\u00e9cessaires (num\u00e9ro de carte, date d&rsquo;expiration et banque \u00e9mettrice).<br>Nous vous recommandons, pour votre propre s\u00e9curit\u00e9, d&rsquo;\u00eatre pr\u00e9sent lors de la livraison de votre commande, muni de votre carte d&rsquo;identit\u00e9.<\/p><p><\/p><p><strong>Annulation de la commande<\/strong><\/p><p>Elle est accept\u00e9e par t\u00e9l\u00e9phone ou par e-mail \u00e0 condition que votre commande n&rsquo;ait pas \u00e9t\u00e9 exp\u00e9di\u00e9e depuis notre magasin. Si l&rsquo;annulation est faite apr\u00e8s le d\u00e9but de l&rsquo;exp\u00e9dition, les frais d&rsquo;exp\u00e9dition vous seront factur\u00e9s. Si vous avez d\u00e9pos\u00e9 le montant sur un compte bancaire ou pay\u00e9 par carte de cr\u00e9dit, apr\u00e8s avoir annul\u00e9 la commande, vous devez nous contacter afin de nous fournir les coordonn\u00e9es de votre propre compte bancaire pour que le montant qui s&rsquo;y trouve, moins les frais bancaires, puisse vous \u00eatre rembours\u00e9. Votre remboursement sera effectu\u00e9 dans les 14 jours.<\/p>","protected":false},"excerpt":{"rendered":"<p>Paiement 1. Transfert par d\u00e9p\u00f4t bancairePour r\u00e9gler votre commande, vous pouvez effectuer le paiement aupr\u00e8s de votre banque via la banque en ligne, les applications mobiles, ainsi que dans un magasin physique.Pour cela, vous devez indiquer le num\u00e9ro de votre commande que vous recevrez par e-mail et votre nom complet. Une fois le paiement effectu\u00e9, [&#8230;]\n","protected":false},"author":1,"featured_media":0,"parent":0,"menu_order":0,"comment_status":"closed","ping_status":"closed","template":"","meta":{"footnotes":""},"class_list":["post-2170","page","type-page","status-publish","hentry"],"_links":{"self":[{"href":"https:\/\/www.anastopoulosestate.com\/fr\/wp-json\/wp\/v2\/pages\/2170","targetHints":{"allow":["GET"]}}],"collection":[{"href":"https:\/\/www.anastopoulosestate.com\/fr\/wp-json\/wp\/v2\/pages"}],"about":[{"href":"https:\/\/www.anastopoulosestate.com\/fr\/wp-json\/wp\/v2\/types\/page"}],"author":[{"embeddable":true,"href":"https:\/\/www.anastopoulosestate.com\/fr\/wp-json\/wp\/v2\/users\/1"}],"replies":[{"embeddable":true,"href":"https:\/\/www.anastopoulosestate.com\/fr\/wp-json\/wp\/v2\/comments?post=2170"}],"version-history":[{"count":9,"href":"https:\/\/www.anastopoulosestate.com\/fr\/wp-json\/wp\/v2\/pages\/2170\/revisions"}],"predecessor-version":[{"id":3655,"href":"https:\/\/www.anastopoulosestate.com\/fr\/wp-json\/wp\/v2\/pages\/2170\/revisions\/3655"}],"wp:attachment":[{"href":"https:\/\/www.anastopoulosestate.com\/fr\/wp-json\/wp\/v2\/media?parent=2170"}],"curies":[{"name":"wp","href":"https:\/\/api.w.org\/{rel}","templated":true}]}}