{"id":2124,"date":"2022-12-14T09:07:18","date_gmt":"2022-12-14T09:07:18","guid":{"rendered":"https:\/\/anastopoulosestate.com\/returns\/"},"modified":"2023-01-23T19:42:11","modified_gmt":"2023-01-23T19:42:11","slug":"returns","status":"publish","type":"page","link":"https:\/\/www.anastopoulosestate.com\/fr\/returns\/","title":{"rendered":"Politique de retour et d&rsquo;annulation"},"content":{"rendered":"<h1 class=\"wp-block-heading\">Politique de retour et d&rsquo;annulation<\/h1><p><strong>Politique de retour<\/strong><\/p><p>Nous n&rsquo;accepterons que les \u00e9changes de produits en parfait \u00e9tat, dans leur emballage d&rsquo;origine avec leur contenu complet et accompagn\u00e9s du document sp\u00e9cifique ou de la preuve d&rsquo;achat.<\/p><p>Pour tout produit qui a \u00e9t\u00e9 endommag\u00e9 a \u00e9t\u00e9 ouvert ou utilis\u00e9 ou dont l&#8217;emballage a \u00e9t\u00e9 endommag\u00e9 ne sera pas accept\u00e9 pour l&rsquo;\u00e9change, les produits doivent \u00eatre retourn\u00e9s ou \u00e9chang\u00e9s dans les 14 jours \u00e0 compter de la date de livraison, conform\u00e9ment \u00e0 la loi 2551\/1994 (tel que modifi\u00e9 par K.Y.A. Z1-891\/2013).<\/p><p><strong>Politique d&rsquo;annulation<\/strong><\/p><p>Si vous souhaitez annuler votre commande, veuillez contacter notre magasin <a href=\"https:\/\/www.anastopoulosestate.com\/fr\/contact\/\">https:\/\/www.anastopoulosestate.com\/fr\/contact\/<\/a> pour nous en informer. Votre commande ne peut \u00eatre annul\u00e9e que si le processus d&rsquo;exp\u00e9dition n&rsquo;est pas termin\u00e9.&nbsp;<\/p>","protected":false},"excerpt":{"rendered":"<p>Politique de retour et d&rsquo;annulation Politique de retour Nous n&rsquo;accepterons que les \u00e9changes de produits en parfait \u00e9tat, dans leur emballage d&rsquo;origine avec leur contenu complet et accompagn\u00e9s du document sp\u00e9cifique ou de la preuve d&rsquo;achat. Pour tout produit qui a \u00e9t\u00e9 endommag\u00e9 a \u00e9t\u00e9 ouvert ou utilis\u00e9 ou dont l&#8217;emballage a \u00e9t\u00e9 endommag\u00e9 ne [&#8230;]\n","protected":false},"author":1,"featured_media":0,"parent":0,"menu_order":0,"comment_status":"closed","ping_status":"closed","template":"","meta":{"footnotes":""},"class_list":["post-2124","page","type-page","status-publish","hentry"],"_links":{"self":[{"href":"https:\/\/www.anastopoulosestate.com\/fr\/wp-json\/wp\/v2\/pages\/2124","targetHints":{"allow":["GET"]}}],"collection":[{"href":"https:\/\/www.anastopoulosestate.com\/fr\/wp-json\/wp\/v2\/pages"}],"about":[{"href":"https:\/\/www.anastopoulosestate.com\/fr\/wp-json\/wp\/v2\/types\/page"}],"author":[{"embeddable":true,"href":"https:\/\/www.anastopoulosestate.com\/fr\/wp-json\/wp\/v2\/users\/1"}],"replies":[{"embeddable":true,"href":"https:\/\/www.anastopoulosestate.com\/fr\/wp-json\/wp\/v2\/comments?post=2124"}],"version-history":[{"count":5,"href":"https:\/\/www.anastopoulosestate.com\/fr\/wp-json\/wp\/v2\/pages\/2124\/revisions"}],"predecessor-version":[{"id":3222,"href":"https:\/\/www.anastopoulosestate.com\/fr\/wp-json\/wp\/v2\/pages\/2124\/revisions\/3222"}],"wp:attachment":[{"href":"https:\/\/www.anastopoulosestate.com\/fr\/wp-json\/wp\/v2\/media?parent=2124"}],"curies":[{"name":"wp","href":"https:\/\/api.w.org\/{rel}","templated":true}]}}