{"id":3120,"date":"2022-09-15T13:43:55","date_gmt":"2022-09-15T13:43:55","guid":{"rendered":"https:\/\/anastopoulosestate.com\/product\/natives-olivenoel-extra-archangelos-dose-750ml\/"},"modified":"2024-09-26T07:43:56","modified_gmt":"2024-09-26T07:43:56","slug":"natives-olivenoel-extra-archangelos-750ml-dose","status":"publish","type":"product","link":"https:\/\/www.anastopoulosestate.com\/de\/produkt\/natives-olivenoel-extra-archangelos-750ml-dose\/","title":{"rendered":"Natives Oliven\u00f6l Extra Archangelos 750ml Dose"},"content":{"rendered":"<p>Ausgew\u00e4hlt aus schwarzen Oliven im Monat Februar. Geerntet von 400-800 Jahre alten Olivenb\u00e4umen auf unseren Feldern und gepresst in unserer neuen Olivenfabrik. Die Zentrifugalkraft extrahiert das native Oliven\u00f6l extra bis zum letzten Tropfen.<\/p>\n<p>Der Geschmack ist intensiv, aromatisch und fruchtig. Hervorragend geeignet zum Kochen, Braten und Dippen von Brot. Es ist eine klassische Auswahl aller Zeiten.<\/p>\n<p>Kaltextraktion, S\u00e4uregehalt 0,3, cholesterinfrei<\/p>\n","protected":false},"excerpt":{"rendered":"<p>Ausgew\u00e4hlt aus schwarzen Oliven im Monat Februar. Geerntet von 400-800 Jahre alten Olivenb\u00e4umen auf unseren Feldern und gepresst in unserer neuen Olivenfabrik. Die Zentrifugalkraft extrahiert das native Oliven\u00f6l extra bis zum letzten Tropfen. Der Geschmack ist intensiv, aromatisch und fruchtig. Hervorragend geeignet zum Kochen, Braten und Dippen von Brot. Es ist eine klassische Auswahl aller [&#8230;]\n","protected":false},"featured_media":1492,"template":"","meta":[],"product_brand":[],"product_cat":[58],"product_tag":[],"class_list":{"0":"post-3120","1":"product","2":"type-product","3":"status-publish","4":"has-post-thumbnail","6":"product_cat-natives-olivenoel-extra","8":"first","9":"instock","10":"shipping-taxable","11":"purchasable","12":"product-type-simple"},"_links":{"self":[{"href":"https:\/\/www.anastopoulosestate.com\/de\/wp-json\/wp\/v2\/product\/3120","targetHints":{"allow":["GET"]}}],"collection":[{"href":"https:\/\/www.anastopoulosestate.com\/de\/wp-json\/wp\/v2\/product"}],"about":[{"href":"https:\/\/www.anastopoulosestate.com\/de\/wp-json\/wp\/v2\/types\/product"}],"wp:featuredmedia":[{"embeddable":true,"href":"https:\/\/www.anastopoulosestate.com\/de\/wp-json\/wp\/v2\/media\/1492"}],"wp:attachment":[{"href":"https:\/\/www.anastopoulosestate.com\/de\/wp-json\/wp\/v2\/media?parent=3120"}],"wp:term":[{"taxonomy":"product_brand","embeddable":true,"href":"https:\/\/www.anastopoulosestate.com\/de\/wp-json\/wp\/v2\/product_brand?post=3120"},{"taxonomy":"product_cat","embeddable":true,"href":"https:\/\/www.anastopoulosestate.com\/de\/wp-json\/wp\/v2\/product_cat?post=3120"},{"taxonomy":"product_tag","embeddable":true,"href":"https:\/\/www.anastopoulosestate.com\/de\/wp-json\/wp\/v2\/product_tag?post=3120"}],"curies":[{"name":"wp","href":"https:\/\/api.w.org\/{rel}","templated":true}]}}