{"id":3100,"date":"2022-09-15T13:48:45","date_gmt":"2022-09-15T13:48:45","guid":{"rendered":"https:\/\/anastopoulosestate.com\/product\/natives-olivenoel-extra-muehlsteindose-750ml\/"},"modified":"2024-09-26T07:42:34","modified_gmt":"2024-09-26T07:42:34","slug":"natives-olivenoel-extra-muehlstein-750ml-dose","status":"publish","type":"product","link":"https:\/\/www.anastopoulosestate.com\/de\/produkt\/natives-olivenoel-extra-muehlstein-750ml-dose\/","title":{"rendered":"Natives Oliven\u00f6l Extra M\u00fchlstein 750ml Dose"},"content":{"rendered":"<p>Ausgew\u00e4hlt aus sehr kleinen gr\u00fcnen Oliven im Monat November. Es handelt sich um ein natives Oliven\u00f6l extra aus erster Pressung und fr\u00fcher Ernte. Die Oliven werden von 400-800 Jahre alten Olivenb\u00e4umen auf unseren Feldern geerntet und mit M\u00fchlsteinen gepresst, eine antike und mittelalterliche Methode zum Pressen der Oliven.<\/p>\n<p>Der Geschmack ist bitter und w\u00fcrzig, ausgezeichnet f\u00fcr Salat und Vinaigrette<\/p>\n<p>Kaltextraktion, S\u00e4uregehalt 0,3, cholesterinfrei<\/p>\n","protected":false},"excerpt":{"rendered":"<p>Ausgew\u00e4hlt aus sehr kleinen gr\u00fcnen Oliven im Monat November. Es handelt sich um ein natives Oliven\u00f6l extra aus erster Pressung und fr\u00fcher Ernte. Die Oliven werden von 400-800 Jahre alten Olivenb\u00e4umen auf unseren Feldern geerntet und mit M\u00fchlsteinen gepresst, eine antike und mittelalterliche Methode zum Pressen der Oliven. Der Geschmack ist bitter und w\u00fcrzig, ausgezeichnet [&#8230;]\n","protected":false},"featured_media":1925,"template":"","meta":[],"product_brand":[],"product_cat":[58],"product_tag":[],"class_list":{"0":"post-3100","1":"product","2":"type-product","3":"status-publish","4":"has-post-thumbnail","6":"product_cat-natives-olivenoel-extra","8":"first","9":"instock","10":"shipping-taxable","11":"purchasable","12":"product-type-simple"},"_links":{"self":[{"href":"https:\/\/www.anastopoulosestate.com\/de\/wp-json\/wp\/v2\/product\/3100","targetHints":{"allow":["GET"]}}],"collection":[{"href":"https:\/\/www.anastopoulosestate.com\/de\/wp-json\/wp\/v2\/product"}],"about":[{"href":"https:\/\/www.anastopoulosestate.com\/de\/wp-json\/wp\/v2\/types\/product"}],"wp:featuredmedia":[{"embeddable":true,"href":"https:\/\/www.anastopoulosestate.com\/de\/wp-json\/wp\/v2\/media\/1925"}],"wp:attachment":[{"href":"https:\/\/www.anastopoulosestate.com\/de\/wp-json\/wp\/v2\/media?parent=3100"}],"wp:term":[{"taxonomy":"product_brand","embeddable":true,"href":"https:\/\/www.anastopoulosestate.com\/de\/wp-json\/wp\/v2\/product_brand?post=3100"},{"taxonomy":"product_cat","embeddable":true,"href":"https:\/\/www.anastopoulosestate.com\/de\/wp-json\/wp\/v2\/product_cat?post=3100"},{"taxonomy":"product_tag","embeddable":true,"href":"https:\/\/www.anastopoulosestate.com\/de\/wp-json\/wp\/v2\/product_tag?post=3100"}],"curies":[{"name":"wp","href":"https:\/\/api.w.org\/{rel}","templated":true}]}}