{"id":3084,"date":"2022-09-15T12:48:55","date_gmt":"2022-09-15T12:48:55","guid":{"rendered":"https:\/\/anastopoulosestate.com\/product\/ultra-premium-natives-olivenoel-extra-250ml\/"},"modified":"2022-09-15T12:48:55","modified_gmt":"2022-09-15T12:48:55","slug":"ultra-premium-extra-natives-olivenol-250ml","status":"publish","type":"product","link":"https:\/\/www.anastopoulosestate.com\/de\/produkt\/ultra-premium-extra-natives-olivenol-250ml\/","title":{"rendered":"Ultra Premium Natives Oliven\u00f6l Extra 250ml"},"content":{"rendered":"<p>Gesammelt von alten B\u00e4umen in Meeresn\u00e4he. Die Meeresbrise tr\u00e4gt dazu bei, dass die Polyphainole auf dem h\u00f6chsten Standard sind. Von 25.000 Kilo unserer Gesamtproduktion sind das weniger als 300 Kilo. Der S\u00e4uregehalt betr\u00e4gt 0,17, eine sehr seltene Zahl. Aus diesem Ultra Premium Natives Oliven\u00f6l Extra werden Inhaltsstoffe wie Eleocanthal, Eleasin, Hydrotyrosol extrahiert, die f\u00fcr Medikamente verwendet werden. Diese Kategorie ist nur einen L\u00f6ffel jeden Morgen zu trinken, um die Oxidation des Blutes zu sch\u00fctzen.<\/p>\n<p>Bio, Kaltextraktion, sehr niedriger S\u00e4uregehalt, kein Cholesterin<\/p>\n","protected":false},"excerpt":{"rendered":"<p>Gesammelt von alten B\u00e4umen in Meeresn\u00e4he. Die Meeresbrise tr\u00e4gt dazu bei, dass die Polyphainole auf dem h\u00f6chsten Standard sind. Von 25.000 Kilo unserer Gesamtproduktion sind das weniger als 300 Kilo. Der S\u00e4uregehalt betr\u00e4gt 0,17, eine sehr seltene Zahl. Aus diesem Ultra Premium Natives Oliven\u00f6l Extra werden Inhaltsstoffe wie Eleocanthal, Eleasin, Hydrotyrosol extrahiert, die f\u00fcr Medikamente [&#8230;]\n","protected":false},"featured_media":1453,"template":"","meta":[],"product_brand":[],"product_cat":[58],"product_tag":[],"class_list":{"0":"post-3084","1":"product","2":"type-product","3":"status-publish","4":"has-post-thumbnail","6":"product_cat-natives-olivenoel-extra","8":"first","9":"outofstock","10":"shipping-taxable","11":"purchasable","12":"product-type-simple"},"_links":{"self":[{"href":"https:\/\/www.anastopoulosestate.com\/de\/wp-json\/wp\/v2\/product\/3084","targetHints":{"allow":["GET"]}}],"collection":[{"href":"https:\/\/www.anastopoulosestate.com\/de\/wp-json\/wp\/v2\/product"}],"about":[{"href":"https:\/\/www.anastopoulosestate.com\/de\/wp-json\/wp\/v2\/types\/product"}],"wp:featuredmedia":[{"embeddable":true,"href":"https:\/\/www.anastopoulosestate.com\/de\/wp-json\/wp\/v2\/media\/1453"}],"wp:attachment":[{"href":"https:\/\/www.anastopoulosestate.com\/de\/wp-json\/wp\/v2\/media?parent=3084"}],"wp:term":[{"taxonomy":"product_brand","embeddable":true,"href":"https:\/\/www.anastopoulosestate.com\/de\/wp-json\/wp\/v2\/product_brand?post=3084"},{"taxonomy":"product_cat","embeddable":true,"href":"https:\/\/www.anastopoulosestate.com\/de\/wp-json\/wp\/v2\/product_cat?post=3084"},{"taxonomy":"product_tag","embeddable":true,"href":"https:\/\/www.anastopoulosestate.com\/de\/wp-json\/wp\/v2\/product_tag?post=3084"}],"curies":[{"name":"wp","href":"https:\/\/api.w.org\/{rel}","templated":true}]}}