{"id":2125,"date":"2022-12-14T09:07:18","date_gmt":"2022-12-14T09:07:18","guid":{"rendered":"https:\/\/anastopoulosestate.com\/returns\/"},"modified":"2023-01-23T19:41:53","modified_gmt":"2023-01-23T19:41:53","slug":"returns","status":"publish","type":"page","link":"https:\/\/www.anastopoulosestate.com\/de\/returns\/","title":{"rendered":"R\u00fccksendungen \/ Stornierungsbedingungen"},"content":{"rendered":"<h1 class=\"wp-block-heading\">R\u00fccksendungen \/ Stornierungsbedingungen<br><\/h1><p><strong>R\u00fcckgabepolitik<\/strong><\/p><p>Wir akzeptieren nur den Umtausch von Produkten, die sich in einwandfreiem Zustand in der Originalverpackung mit vollst\u00e4ndigem Inhalt befinden und von dem entsprechenden Dokument oder Kaufnachweis begleitet werden.<\/p><p>F\u00fcr jedes Produkt, das besch\u00e4digt wurde, ge\u00f6ffnet oder benutzt wurde oder dessen Verpackung besch\u00e4digt wurde, wird nicht zum Umtausch angenommen, die Produkte m\u00fcssen innerhalb von 14 Tagen ab dem Datum der Lieferung zur\u00fcckgegeben oder umgetauscht werden, in \u00dcbereinstimmung mit dem Gesetz 2551\/1994 (ge\u00e4ndert durch K.Y.A. Z1-891\/2013).<\/p><p><strong>Stornierungspolitik<\/strong><\/p><p>Falls Sie Ihre Bestellung stornieren m\u00f6chten, wenden Sie sich bitte an unser Gesch\u00e4ft <a href=\"https:\/\/www.anastopoulosestate.com\/de\/kontakt\/\">https:\/\/www.anastopoulosestate.com\/de\/kontakt\/<\/a>, um uns zu informieren. Ihre Bestellung kann nur storniert werden, wenn der Versandvorgang noch nicht abgeschlossen ist.&nbsp;<\/p>","protected":false},"excerpt":{"rendered":"<p>R\u00fccksendungen \/ Stornierungsbedingungen R\u00fcckgabepolitik Wir akzeptieren nur den Umtausch von Produkten, die sich in einwandfreiem Zustand in der Originalverpackung mit vollst\u00e4ndigem Inhalt befinden und von dem entsprechenden Dokument oder Kaufnachweis begleitet werden. F\u00fcr jedes Produkt, das besch\u00e4digt wurde, ge\u00f6ffnet oder benutzt wurde oder dessen Verpackung besch\u00e4digt wurde, wird nicht zum Umtausch angenommen, die Produkte m\u00fcssen [&#8230;]\n","protected":false},"author":1,"featured_media":0,"parent":0,"menu_order":0,"comment_status":"closed","ping_status":"closed","template":"","meta":{"footnotes":""},"class_list":["post-2125","page","type-page","status-publish","hentry"],"_links":{"self":[{"href":"https:\/\/www.anastopoulosestate.com\/de\/wp-json\/wp\/v2\/pages\/2125","targetHints":{"allow":["GET"]}}],"collection":[{"href":"https:\/\/www.anastopoulosestate.com\/de\/wp-json\/wp\/v2\/pages"}],"about":[{"href":"https:\/\/www.anastopoulosestate.com\/de\/wp-json\/wp\/v2\/types\/page"}],"author":[{"embeddable":true,"href":"https:\/\/www.anastopoulosestate.com\/de\/wp-json\/wp\/v2\/users\/1"}],"replies":[{"embeddable":true,"href":"https:\/\/www.anastopoulosestate.com\/de\/wp-json\/wp\/v2\/comments?post=2125"}],"version-history":[{"count":5,"href":"https:\/\/www.anastopoulosestate.com\/de\/wp-json\/wp\/v2\/pages\/2125\/revisions"}],"predecessor-version":[{"id":3221,"href":"https:\/\/www.anastopoulosestate.com\/de\/wp-json\/wp\/v2\/pages\/2125\/revisions\/3221"}],"wp:attachment":[{"href":"https:\/\/www.anastopoulosestate.com\/de\/wp-json\/wp\/v2\/media?parent=2125"}],"curies":[{"name":"wp","href":"https:\/\/api.w.org\/{rel}","templated":true}]}}